{"id":229,"date":"2025-03-12T16:17:21","date_gmt":"2025-03-12T15:17:21","guid":{"rendered":"https:\/\/www.edition-hs.com\/shop\/?post_type=product&#038;p=229"},"modified":"2025-03-12T16:17:21","modified_gmt":"2025-03-12T15:17:21","slug":"lila","status":"publish","type":"product","link":"https:\/\/www.edition-hs.com\/shop\/produkt\/lila\/","title":{"rendered":"Lila"},"content":{"rendered":"<p>Soudain, les lumi\u00e8res s\u2018\u00e9teignent et la femme, qui est grande comme la montagne, se l\u00e8ve et se met \u00e0 parler d\u2018une voix d\u2018homme. Ce sont des paroles indistinctes, graves. Elle est attir\u00e9e au centre du salon dans lequel nous sommes tous assis en cercle. Ses mouvements ne lui appartiennent plus, son corps est entrain\u00e9 par la musique comme si elle l\u2018avait pr\u00eat\u00e9 \u00e0 un danseur invisible.<\/p>\n<p>This record is a collaboration between Noha Mokhtar and Gnawa musician Khalil Bensid.<\/p>\n<p>Composition and music by Khalil Bensid; photography and text by Noha Mokhtar. Red or Blue version, with Green poster. Pressed at 250 copies. With the support of Pro Helvetia and Kanton Z\u00fcrich Fachstelle Kultur.<\/p>\n<p>Lila \u00a9 2022 Noha Mokhtar and Khalil Bensid, Zurich, Switzerland<\/p>\n","protected":false},"excerpt":{"rendered":"<p>Soudain, les lumi\u00e8res s\u2018\u00e9teignent et la femme, qui est grande comme la montagne, se l\u00e8ve et se met \u00e0 parler d\u2018une voix d\u2018homme. Ce sont des paroles indistinctes, graves. Elle est attir\u00e9e au centre du salon dans lequel nous sommes tous assis en cercle. Ses mouvements ne lui appartiennent plus, son corps est entrain\u00e9 par [&hellip;]<\/p>\n","protected":false},"featured_media":213,"template":"","meta":[],"product_brand":[],"product_cat":[15],"product_tag":[],"class_list":{"0":"post-229","1":"product","2":"type-product","3":"status-publish","4":"has-post-thumbnail","6":"product_cat-unkategorisiert","8":"first","9":"instock","10":"taxable","11":"shipping-taxable","12":"purchasable","13":"product-type-simple"},"grid":"","phonegrid":"","jetpack_sharing_enabled":true,"_links":{"self":[{"href":"https:\/\/www.edition-hs.com\/shop\/wp-json\/wp\/v2\/product\/229","targetHints":{"allow":["GET"]}}],"collection":[{"href":"https:\/\/www.edition-hs.com\/shop\/wp-json\/wp\/v2\/product"}],"about":[{"href":"https:\/\/www.edition-hs.com\/shop\/wp-json\/wp\/v2\/types\/product"}],"wp:featuredmedia":[{"embeddable":true,"href":"https:\/\/www.edition-hs.com\/shop\/wp-json\/wp\/v2\/media\/213"}],"wp:attachment":[{"href":"https:\/\/www.edition-hs.com\/shop\/wp-json\/wp\/v2\/media?parent=229"}],"wp:term":[{"taxonomy":"product_brand","embeddable":true,"href":"https:\/\/www.edition-hs.com\/shop\/wp-json\/wp\/v2\/product_brand?post=229"},{"taxonomy":"product_cat","embeddable":true,"href":"https:\/\/www.edition-hs.com\/shop\/wp-json\/wp\/v2\/product_cat?post=229"},{"taxonomy":"product_tag","embeddable":true,"href":"https:\/\/www.edition-hs.com\/shop\/wp-json\/wp\/v2\/product_tag?post=229"}],"curies":[{"name":"wp","href":"https:\/\/api.w.org\/{rel}","templated":true}]}}